{"id":671,"date":"2020-04-29T10:20:08","date_gmt":"2020-04-29T08:20:08","guid":{"rendered":"http:\/\/www.duztech.pl\/?page_id=671"},"modified":"2022-09-27T11:24:37","modified_gmt":"2022-09-27T09:24:37","slug":"kontakt","status":"publish","type":"page","link":"https:\/\/duztech.pl\/index.php\/kontakt\/","title":{"rendered":"Kontakt"},"content":{"rendered":"\n<p class=\"has-luminous-vivid-orange-background-color has-background\">Skontaktuj si\u0119 z naszym oficjalnym przedstawicielem w Polsce.<\/p>\n\n\n\n<p class=\"has-luminous-vivid-orange-background-color has-background\">Opr\u00f3cz sprzeda\u017cy, oferujemy r\u00f3wnie\u017c wypo\u017cyczenie armatek zamg\u0142awiaj\u0105cych \u2013 cena do uzgodnienia indywidualnie.<\/p>\n\n\n\n<p class=\"has-luminous-vivid-orange-background-color has-background\"><strong>e-mail: <\/strong><a href=\"mailto:info@duztech.pl\">info@duztech.pl<\/a><strong><br>tel: +48 508-780-092<\/strong><\/p>\n\n\n\n<p><\/p>\n\n\n\n<p class=\"has-luminous-vivid-orange-background-color has-background\"><strong>Dane firmy:<br>UltraMist Filip Sk\u0142adanowski <br>ul. Przy Sadzie 3<br>05-503 Baszk\u00f3wka<br>REGON: 140015378<br>NIP: 5251955845<br>Wpis do ewidencji prowadzonej przez Burmistrza Miasta i Gminy Piaseczno nr 21734<br>konto bankowe: 42 1140 2004 0000 3102 7562 408<\/strong><\/p>\n","protected":false},"excerpt":{"rendered":"<p>Skontaktuj si\u0119 z naszym oficjalnym przedstawicielem w Polsce. Opr\u00f3cz sprzeda\u017cy, oferujemy r\u00f3wnie\u017c wypo\u017cyczenie armatek zamg\u0142awiaj\u0105cych \u2013 cena do uzgodnienia indywidualnie. e-mail: info@duztech.pltel: +48 508-780-092 Dane firmy:UltraMist Filip Sk\u0142adanowski ul. Przy Sadzie 305-503 Baszk\u00f3wkaREGON: 140015378NIP: 5251955845Wpis do ewidencji prowadzonej przez Burmistrza Miasta i Gminy Piaseczno nr 21734konto bankowe: 42 1140 2004 0000 3102 7562 408<\/p>\n","protected":false},"author":2,"featured_media":0,"parent":0,"menu_order":0,"comment_status":"closed","ping_status":"closed","template":"","meta":{"footnotes":""},"class_list":["post-671","page","type-page","status-publish","hentry"],"_links":{"self":[{"href":"https:\/\/duztech.pl\/index.php\/wp-json\/wp\/v2\/pages\/671","targetHints":{"allow":["GET"]}}],"collection":[{"href":"https:\/\/duztech.pl\/index.php\/wp-json\/wp\/v2\/pages"}],"about":[{"href":"https:\/\/duztech.pl\/index.php\/wp-json\/wp\/v2\/types\/page"}],"author":[{"embeddable":true,"href":"https:\/\/duztech.pl\/index.php\/wp-json\/wp\/v2\/users\/2"}],"replies":[{"embeddable":true,"href":"https:\/\/duztech.pl\/index.php\/wp-json\/wp\/v2\/comments?post=671"}],"version-history":[{"count":8,"href":"https:\/\/duztech.pl\/index.php\/wp-json\/wp\/v2\/pages\/671\/revisions"}],"predecessor-version":[{"id":748,"href":"https:\/\/duztech.pl\/index.php\/wp-json\/wp\/v2\/pages\/671\/revisions\/748"}],"wp:attachment":[{"href":"https:\/\/duztech.pl\/index.php\/wp-json\/wp\/v2\/media?parent=671"}],"curies":[{"name":"wp","href":"https:\/\/api.w.org\/{rel}","templated":true}]}}